{"id":32,"date":"2015-07-02T03:46:04","date_gmt":"2015-07-02T03:46:04","guid":{"rendered":"http:\/\/healthplusdev.next-themes.com\/?page_id=32"},"modified":"2019-11-26T13:56:02","modified_gmt":"2019-11-26T12:56:02","slug":"home","status":"publish","type":"page","link":"https:\/\/dottorivitali.it\/","title":{"rendered":"Home"},"content":{"rendered":"<div data-vc-full-width=\"true\" data-vc-full-width-init=\"false\" class=\"vc_row wpb_row vc_row-fluid vc_custom_1453799361473\"><div class=\"wpb_column vc_column_container vc_col-sm-12\"><div class=\"wpb_wrapper\"><div class=\"vc_row wpb_row vc_inner vc_row-fluid\"><div class=\"wpb_column vc_column_container vc_col-sm-12\"><div class=\"wpb_wrapper\"><div class=\"vc_empty_space\"  style=\"height: 60px\" ><span\n\t\tclass=\"vc_empty_space_inner\"><\/span><\/div>\n<\/div><\/div><\/div><div class=\"vc_row wpb_row vc_inner vc_row-fluid\"><div class=\"wpb_column vc_column_container vc_col-sm-12\"><div class=\"wpb_wrapper\">\n\t<div class=\"wpb_text_column wpb_content_element  custom-text-a\">\n\t\t<div class=\"wpb_wrapper\">\n\t\t\t<h1 style=\"text-align: center;\"><span style=\"color: #808080;\"><b>Il Sorriso \u00e8 il tuo miglior accessorio\u2026<\/b><\/span><\/h1>\n<h1 style=\"text-align: center;\"><span style=\"color: #808080;\"><b>noi ti aiutiamo a farlo splendere!<\/b><\/span><\/h1>\n\n\t\t<\/div>\n\t<\/div>\n<\/div><\/div><\/div>\n\t<div class=\"wpb_text_column wpb_content_element  custom-text-b\">\n\t\t<div class=\"wpb_wrapper\">\n\t\t\t<h4 style=\"text-align: center;\"><span style=\"color: #808080;\">Gli studi dentistici dei Dottori Vitali offrono servizi odontoiatrici completi e di grande qualit\u00e0, sia nella cura che nella prevenzione dentale, garantendo elevata professionalit\u00e0 nonch\u00e9 disponibilit\u00e0 per la prestazione di urgenze con reperibilit\u00e0 immediata.<\/span><\/h4>\n<h4 style=\"text-align: center;\"><span style=\"color: #808080;\">Gli studi si occupano di igiene e prevenzione, sbiancamento, conservativa, pedodonzia o odontoiatria infantile\/pediatrica, parodontologia, endodonzia, chirurgia orale, protesi mobile, protesi fissa, implantologia, ortodonzia, prestazioni professionali per altri studi.<\/span><\/h4>\n<h4 style=\"text-align: center;\"><span style=\"color: #808080;\">La nostra filosofia si basa sulla centralit\u00e0 e la cura del paziente.<\/span><\/h4>\n<h4 style=\"text-align: center;\"><span style=\"color: #808080;\">Vi aspettiamo per una visita gratuita nello STUDIO DENTISTICO di Alm\u00e8 e presso il nuovissimo CENTRO ODONTOIATRICO DELL\u2019ISOLA a Terno d\u2019Isola.<\/span><\/h4>\n<h4 style=\"text-align: center;\"><span style=\"color: #808080;\">I Dottori Vitali saranno in grado di offrirvi una consulenza odontoiatrica completa e di elevata qualit\u00e0, garantendovi professionalit\u00e0 e competenza.<\/span><\/h4>\n\n\t\t<\/div>\n\t<\/div>\n<style type=\"text\/css\">\r\n.line-16932535726a005507d273e {\r\n\tborder-bottom: 1px solid #25b6ea;\nwidth: 70px !important;\n}\r\n.line-16932535726a005507d273e:before {\r\n\tborder-top-color: #25b6ea;\nborder-width: 6px !important;\n}\r\n<\/style>\r\n<div class=\"line line-16932535726a005507d273e \"><\/div>\r\n<div class=\"vc_row wpb_row vc_inner vc_row-fluid\"><div class=\"wpb_column vc_column_container vc_col-sm-4\"><div class=\"wpb_wrapper\">\r\n<style type=\"text\/css\">\r\n.list-features-17468922896a005507d2a20 a:hover .icons {\r\n\tcolor: #337ab7;}\r\n.list-features-17468922896a005507d2a20 a:hover .title {\r\n\t}\r\n.list-features-17468922896a005507d2a20 a .title {\r\n\tcolor: #062045;}\r\n.list-features-17468922896a005507d2a20 a .icons {\r\n\tcolor: #25b6ea;}\r\n.list-features-17468922896a005507d2a20 .info p {\r\n\tfont-family: Raleway;font-style: normal;color: #333333;}\r\n<\/style>\r\n<div class=\"list-features list-features-17468922896a005507d2a20\">\r\n\t<div class=\"row\">\r\n\t\t<div class=\"feature_item \" style=\"\">\r\n\t\t\t<a href=\"https:\/\/dottorivitali.it\/services\/\">\r\n\t\t\t\t<span class=\"icons med-medical2\"><\/span>\r\n\t\t\t\t<span class=\"title\" style=\"font-family: Raleway;font-style: normal;\">TECNOLOGIA AVANZATA<\/span>\r\n\t\t\t<\/a>\r\n\t\t\t<div class=\"info\"><\/div>\t\t<\/div>\r\n\t<\/div>\r\n<\/div>\r\n<\/div><\/div><div class=\"wpb_column vc_column_container vc_col-sm-4\"><div class=\"wpb_wrapper\">\r\n<style type=\"text\/css\">\r\n.list-features-20934421036a005507d2c7c a:hover .icons {\r\n\tcolor: #337ab7;}\r\n.list-features-20934421036a005507d2c7c a:hover .title {\r\n\t}\r\n.list-features-20934421036a005507d2c7c a .title {\r\n\tcolor: #062045;}\r\n.list-features-20934421036a005507d2c7c a .icons {\r\n\tcolor: #25b6ea;}\r\n.list-features-20934421036a005507d2c7c .info p {\r\n\tfont-family: Raleway;font-style: normal;color: #333333;}\r\n<\/style>\r\n<div class=\"list-features list-features-20934421036a005507d2c7c\">\r\n\t<div class=\"row\">\r\n\t\t<div class=\"feature_item \" style=\"\">\r\n\t\t\t<a href=\"https:\/\/dottorivitali.it\/doctors\/\">\r\n\t\t\t\t<span class=\"icons med-heart2\"><\/span>\r\n\t\t\t\t<span class=\"title\" style=\"font-family: Raleway;font-style: normal;\">PROFESSIONALITA&#039;<\/span>\r\n\t\t\t<\/a>\r\n\t\t\t<div class=\"info\"><\/div>\t\t<\/div>\r\n\t<\/div>\r\n<\/div>\r\n<\/div><\/div><div class=\"wpb_column vc_column_container vc_col-sm-4\"><div class=\"wpb_wrapper\">\r\n<style type=\"text\/css\">\r\n.list-features-13485909646a005507d2d70 a:hover .icons {\r\n\tcolor: #337ab7;}\r\n.list-features-13485909646a005507d2d70 a:hover .title {\r\n\t}\r\n.list-features-13485909646a005507d2d70 a .title {\r\n\tcolor: #062045;}\r\n.list-features-13485909646a005507d2d70 a .icons {\r\n\tcolor: #25b6ea;}\r\n.list-features-13485909646a005507d2d70 .info p {\r\n\tfont-family: Raleway;font-style: normal;color: #333333;}\r\n<\/style>\r\n<div class=\"list-features list-features-13485909646a005507d2d70\">\r\n\t<div class=\"row\">\r\n\t\t<div class=\"feature_item \" style=\"\">\r\n\t\t\t<a href=\"https:\/\/dottorivitali.it\/contacts\/\">\r\n\t\t\t\t<span class=\"icons med-vehicle\"><\/span>\r\n\t\t\t\t<span class=\"title\" style=\"font-family: Raleway;font-style: normal;\">REPERIBILITA&#039; IMMEDIATA<\/span>\r\n\t\t\t<\/a>\r\n\t\t\t<div class=\"info\"><\/div>\t\t<\/div>\r\n\t<\/div>\r\n<\/div>\r\n<\/div><\/div><\/div><\/div><\/div><\/div><div class=\"vc_row-full-width\"><\/div><div data-vc-full-width=\"true\" data-vc-full-width-init=\"false\" class=\"vc_row wpb_row vc_row-fluid vc_custom_1436925199941\"><div class=\"wpb_column vc_column_container vc_col-sm-12\"><div class=\"wpb_wrapper\"><div class=\"section section-background section-what-we-do\">\r\n\t<div class=\"text-center\">\r\n\t\t\t\t<div class=\"section-heading\">\r\n\t\t\t<div class=\"title\">I nostri servizi<\/div>\r\n\t\t\t<div class=\"line\"><\/div>\r\n\t\t<\/div>\r\n\t\t\t\t<div class=\"section-content\">\r\n\t\t\t<div class=\"list-departments\">\r\n\t\t\t\t\t\t\t\t <div class=\"row mbxxl col-md-12\">\t\t\t\t\t<div class=\"col-md-3 col-sm-3 col-sm-3 col-xs-6\">\r\n\t\t\t\t\t\t<a href=\"https:\/\/dottorivitali.it\/?shw_services=chirurgia-orale\">\r\n\t\t\t\t\t\t\t<div class=\"icon\"><span class=\"med-first\"><\/span><\/div>\r\n\t\t\t\t\t\t\t<p>Chirurgia orale<\/p>\r\n\t\t\t\t\t\t<\/a>\r\n\t\t\t\t\t<\/div>\r\n\t\t\t\t \t\t\t\t\t\t\t\t \t\t\t\t\t<div class=\"col-md-3 col-sm-3 col-sm-3 col-xs-6\">\r\n\t\t\t\t\t\t<a href=\"https:\/\/dottorivitali.it\/?shw_services=testing\">\r\n\t\t\t\t\t\t\t<div class=\"icon\"><span class=\"med-stethoscope\"><\/span><\/div>\r\n\t\t\t\t\t\t\t<p>Conservativa<\/p>\r\n\t\t\t\t\t\t<\/a>\r\n\t\t\t\t\t<\/div>\r\n\t\t\t\t \t\t\t\t\t\t\t\t \t\t\t\t\t<div class=\"col-md-3 col-sm-3 col-sm-3 col-xs-6\">\r\n\t\t\t\t\t\t<a href=\"https:\/\/dottorivitali.it\/?shw_services=diagnostica-dentale\">\r\n\t\t\t\t\t\t\t<div class=\"icon\"><span class=\"med-stethoscope\"><\/span><\/div>\r\n\t\t\t\t\t\t\t<p>Diagnostica dentale<\/p>\r\n\t\t\t\t\t\t<\/a>\r\n\t\t\t\t\t<\/div>\r\n\t\t\t\t \t\t\t\t\t\t\t\t \t\t\t\t\t<div class=\"col-md-3 col-sm-3 col-sm-3 col-xs-6\">\r\n\t\t\t\t\t\t<a href=\"https:\/\/dottorivitali.it\/?shw_services=x-ray\">\r\n\t\t\t\t\t\t\t<div class=\"icon\"><span class=\"med-medical2\"><\/span><\/div>\r\n\t\t\t\t\t\t\t<p>Endodonzia<\/p>\r\n\t\t\t\t\t\t<\/a>\r\n\t\t\t\t\t<\/div>\r\n\t\t\t\t <\/div>\t\t\t\t\t\t\t\t <div class=\"row mbxxl col-md-12\">\t\t\t\t\t<div class=\"col-md-3 col-sm-3 col-sm-3 col-xs-6\">\r\n\t\t\t\t\t\t<a href=\"https:\/\/dottorivitali.it\/?shw_services=drugstore\">\r\n\t\t\t\t\t\t\t<div class=\"icon\"><span class=\"med-heart2\"><\/span><\/div>\r\n\t\t\t\t\t\t\t<p>Gnatologia<\/p>\r\n\t\t\t\t\t\t<\/a>\r\n\t\t\t\t\t<\/div>\r\n\t\t\t\t \t\t\t\t\t\t\t\t \t\t\t\t\t<div class=\"col-md-3 col-sm-3 col-sm-3 col-xs-6\">\r\n\t\t\t\t\t\t<a href=\"https:\/\/dottorivitali.it\/?shw_services=igiene-e-prevenzione\">\r\n\t\t\t\t\t\t\t<div class=\"icon\"><span class=\"med-heart2\"><\/span><\/div>\r\n\t\t\t\t\t\t\t<p>Igiene e prevenzione<\/p>\r\n\t\t\t\t\t\t<\/a>\r\n\t\t\t\t\t<\/div>\r\n\t\t\t\t \t\t\t\t\t\t\t\t \t\t\t\t\t<div class=\"col-md-3 col-sm-3 col-sm-3 col-xs-6\">\r\n\t\t\t\t\t\t<a href=\"https:\/\/dottorivitali.it\/?shw_services=neurology-2\">\r\n\t\t\t\t\t\t\t<div class=\"icon\"><span class=\"med-teeth\"><\/span><\/div>\r\n\t\t\t\t\t\t\t<p>Implantologia<\/p>\r\n\t\t\t\t\t\t<\/a>\r\n\t\t\t\t\t<\/div>\r\n\t\t\t\t \t\t\t\t\t\t\t\t \t\t\t\t\t<div class=\"col-md-3 col-sm-3 col-sm-3 col-xs-6\">\r\n\t\t\t\t\t\t<a href=\"https:\/\/dottorivitali.it\/?shw_services=odontoiatria-infantilepediatrica\">\r\n\t\t\t\t\t\t\t<div class=\"icon\"><span class=\"med-baby\"><\/span><\/div>\r\n\t\t\t\t\t\t\t<p>Odontoiatria infantile\/pediatrica<\/p>\r\n\t\t\t\t\t\t<\/a>\r\n\t\t\t\t\t<\/div>\r\n\t\t\t\t <\/div>\t\t\t\t\t\t\t<\/div>\r\n\t\t\t<a href=\"https:\/\/dottorivitali.it\/?page_id=54\" class=\"btn-our-departments btn btn-success btn-outlined btn-18\">\r\n\t\t\t\t\t\t\t\t\tVedi tutti\t\t\t\t\t<i class=\"fa fa-plus mll\"><\/i>\r\n\t\t\t\t\t\t\t<\/a>\r\n\t\t<\/div>\r\n\t<\/div>\r\n<\/div>\r\n<\/div><\/div><\/div><div class=\"vc_row-full-width\"><\/div><div class=\"vc_row wpb_row vc_row-fluid vc_custom_1436840943028\"><div class=\"wpb_column vc_column_container vc_col-sm-12\"><div class=\"wpb_wrapper\"><div class=\"section-heading section-heading-14421701356a005507d3ea0\">\r\n\t<div class=\"title\">News<\/div>\r\n\t<div class=\"line\" style=\"display:block\"><\/div>\r\n\t<div class=\"sub-title mbm hide\"><\/div>\r\n\t<div class=\"line\" style=\"display:none\"><\/div>\r\n<\/div><div class=\"section-latest-news section-18291451996a005507d3fd7 \">\r\n\t<div class=\"text-center\">\r\n\t\t<div class=\"section-heading hide\">\r\n\t\t\t<div class=\"title\"><\/div>\r\n\t\t\t<div class=\"line\" style=\"\"><\/div>\r\n\t\t<\/div>\r\n\t\t<div class=\"section-content\">\r\n\t\t\t<div class=\"row\">\r\n\t\t\t\t\t\t<div class=\"col-md-6 col-sm-12\">\r\n\t\t\t\t\t\t\t<div class=\"box\">\r\n\t\t\t\t\t\t\t\t<div class=\"thumb\"><img decoding=\"async\" src=\"https:\/\/dottorivitali.it\/wp-content\/uploads\/2020\/03\/coronavirus-2-1440x564_c.jpg\"  alt = \"\" class=\"img img-responsive\">\r\n\t\t\t\t\t\t\t\t\t<div class=\"ribbon\"><span>09<\/span><span>Mar<\/span><\/div>\r\n\t\t\t\t\t\t\t\t<\/div>\r\n\t\t\t\t\t\t\t\t<div class=\"info\">\r\n\t\t\t\t\t\t\t\t\t<div class=\"title\"><a href=\"https:\/\/dottorivitali.it\/?p=3397\">AVVISO IMPORTANTE A TUTTI I PAZIENTI<\/a><\/div>\r\n\t\t\t\t\t\t\t\t\t<div class=\"desc\">In accordo con le disposizioni emanate con decreto del presidente del Consiglio dei ministri (DPCM) dell\u20198 marzo 2020, gli Studi Dentistici dei Dottori Vitali di Alm\u00e8 e Terno d\u2019Isola, a tutela dei pazienti e di tutto il territorio, hanno deciso di limitare gli accessi in ambulatorio e prestare servizio solo per reali urgenze indifferibili. In [&hellip;]<\/div>\r\n\t\t\t\t\t\t\t\t\t<div class=\"author\"><i class=\"fa fa-user mrs\"><\/i>Dott. Luca Vitali<\/div>\r\n\t\t\t\t\t\t\t\t\t<div class=\"comments\"><i class=\"fa fa-comments mrs\"><\/i>(0)<\/div>\r\n\t\t\t\t\t\t\t\t\t<div class=\"views\"><i class=\"fa fa-eye mrs\"><\/i>(83291)<\/div>\r\n\t\t\t\t\t\t\t\t<\/div>\r\n\t\t\t\t\t\t\t<\/div>\r\n\t\t\t\t\t\t<\/div>\r\n\t\t\t\t\t\t<div class=\"col-md-6 col-sm-12\">\r\n\t\t\t\t\t\t\t<div class=\"box\">\r\n\t\t\t\t\t\t\t\t<div class=\"thumb\"><img decoding=\"async\" src=\"https:\/\/dottorivitali.it\/wp-content\/uploads\/2020\/01\/1.jpg\"  alt = \"\" class=\"img img-responsive\">\r\n\t\t\t\t\t\t\t\t\t<div class=\"ribbon\"><span>08<\/span><span>Gen<\/span><\/div>\r\n\t\t\t\t\t\t\t\t<\/div>\r\n\t\t\t\t\t\t\t\t<div class=\"info\">\r\n\t\t\t\t\t\t\t\t\t<div class=\"title\"><a href=\"https:\/\/dottorivitali.it\/?p=3392\">DETRAIBILIT\u00c0 PAGAMENTI IN CONTANTI &#8211; Cosa \u00e8 cambiato?<\/a><\/div>\r\n\t\t\t\t\t\t\t\t\t<div class=\"desc\">La legge finanziaria 2020 ha confermato l&#8217;obbligo di tracciabilit\u00e0 delle detrazioni anche per le spese sanitarie e per le spese veterinarie. Nello specifico, si rende noto che le ricevute per prestazioni sanitarie pagate dal paziente mezzo contanti NON saranno detraibili nella sua dichiarazione dei redditi (Mod. 730 o Mod. Unico PF). Il nostro ufficio segreteria [&hellip;]<\/div>\r\n\t\t\t\t\t\t\t\t\t<div class=\"author\"><i class=\"fa fa-user mrs\"><\/i>Dott. Luca Vitali<\/div>\r\n\t\t\t\t\t\t\t\t\t<div class=\"comments\"><i class=\"fa fa-comments mrs\"><\/i>(0)<\/div>\r\n\t\t\t\t\t\t\t\t\t<div class=\"views\"><i class=\"fa fa-eye mrs\"><\/i>(84443)<\/div>\r\n\t\t\t\t\t\t\t\t<\/div>\r\n\t\t\t\t\t\t\t<\/div>\r\n\t\t\t\t\t\t<\/div><\/div><div class=\"row\">\r\n\t\t\t\t\t\t<div class=\"col-md-6 col-sm-12\">\r\n\t\t\t\t\t\t\t<div class=\"box\">\r\n\t\t\t\t\t\t\t\t<div class=\"thumb\"><img decoding=\"async\" src=\"https:\/\/dottorivitali.it\/wp-content\/uploads\/2019\/12\/FESTE_sito-e-facebook.jpg\"  alt = \"\" class=\"img img-responsive\">\r\n\t\t\t\t\t\t\t\t\t<div class=\"ribbon\"><span>18<\/span><span>Dic<\/span><\/div>\r\n\t\t\t\t\t\t\t\t<\/div>\r\n\t\t\t\t\t\t\t\t<div class=\"info\">\r\n\t\t\t\t\t\t\t\t\t<div class=\"title\"><a href=\"https:\/\/dottorivitali.it\/?p=3388\">PAUSA NATALIZIA<\/a><\/div>\r\n\t\t\t\t\t\t\t\t\t<div class=\"desc\"><\/div>\r\n\t\t\t\t\t\t\t\t\t<div class=\"author\"><i class=\"fa fa-user mrs\"><\/i>Dott. Luca Vitali<\/div>\r\n\t\t\t\t\t\t\t\t\t<div class=\"comments\"><i class=\"fa fa-comments mrs\"><\/i>(0)<\/div>\r\n\t\t\t\t\t\t\t\t\t<div class=\"views\"><i class=\"fa fa-eye mrs\"><\/i>(83887)<\/div>\r\n\t\t\t\t\t\t\t\t<\/div>\r\n\t\t\t\t\t\t\t<\/div>\r\n\t\t\t\t\t\t<\/div>\r\n\t\t\t\t\t\t<div class=\"col-md-6 col-sm-12\">\r\n\t\t\t\t\t\t\t<div class=\"box\">\r\n\t\t\t\t\t\t\t\t<div class=\"thumb\"><img decoding=\"async\" src=\"https:\/\/dottorivitali.it\/wp-content\/uploads\/2019\/12\/1.png\"  alt = \"\" class=\"img img-responsive\">\r\n\t\t\t\t\t\t\t\t\t<div class=\"ribbon\"><span>06<\/span><span>Dic<\/span><\/div>\r\n\t\t\t\t\t\t\t\t<\/div>\r\n\t\t\t\t\t\t\t\t<div class=\"info\">\r\n\t\t\t\t\t\t\t\t\t<div class=\"title\"><a href=\"https:\/\/dottorivitali.it\/?p=3385\">SBIANCAMENTO DENTALE PROFESSIONALE E DOMICILIARE<\/a><\/div>\r\n\t\t\t\t\t\t\t\t\t<div class=\"desc\">Lo sbiancamento dentale \u00e8 un trattamento estetico che ha come obbiettivo quello di migliorare il colore degli elementi dentari naturali, andando a raggiungere una pi\u00f9 chiara gradazione di colore. Il protocollo del trattamento \u00e8 sempre personalizzato e proposto al paziente in base alle sue personali caratteristiche dentali. Il protocollo generale (da valutarsi sempre previa prima [&hellip;]<\/div>\r\n\t\t\t\t\t\t\t\t\t<div class=\"author\"><i class=\"fa fa-user mrs\"><\/i>Dott. Luca Vitali<\/div>\r\n\t\t\t\t\t\t\t\t\t<div class=\"comments\"><i class=\"fa fa-comments mrs\"><\/i>(0)<\/div>\r\n\t\t\t\t\t\t\t\t\t<div class=\"views\"><i class=\"fa fa-eye mrs\"><\/i>(84653)<\/div>\r\n\t\t\t\t\t\t\t\t<\/div>\r\n\t\t\t\t\t\t\t<\/div>\r\n\t\t\t\t\t\t<\/div><\/div>\t\t<\/div>\r\n\t<\/div>\r\n<\/div>\r\n<\/div><\/div><\/div>\n","protected":false},"excerpt":{"rendered":"Lo sbiancamento dentale \u00e8 un trattamento estetico che ha come obbiettivo quello di migliorare il colore degli elementi dentari naturali, andando a raggiungere una pi\u00f9 chiara gradazione di colore. Il protocollo del trattamento \u00e8 sempre personalizzato e proposto al paziente in base alle sue personali caratteristiche dentali. Il protocollo generale (da valutarsi sempre previa prima [...]","protected":false},"author":1,"featured_media":0,"parent":0,"menu_order":0,"comment_status":"closed","ping_status":"open","template":"","meta":{"footnotes":""},"_links":{"self":[{"href":"https:\/\/dottorivitali.it\/index.php?rest_route=\/wp\/v2\/pages\/32"}],"collection":[{"href":"https:\/\/dottorivitali.it\/index.php?rest_route=\/wp\/v2\/pages"}],"about":[{"href":"https:\/\/dottorivitali.it\/index.php?rest_route=\/wp\/v2\/types\/page"}],"author":[{"embeddable":true,"href":"https:\/\/dottorivitali.it\/index.php?rest_route=\/wp\/v2\/users\/1"}],"replies":[{"embeddable":true,"href":"https:\/\/dottorivitali.it\/index.php?rest_route=%2Fwp%2Fv2%2Fcomments&post=32"}],"version-history":[{"count":6,"href":"https:\/\/dottorivitali.it\/index.php?rest_route=\/wp\/v2\/pages\/32\/revisions"}],"predecessor-version":[{"id":3381,"href":"https:\/\/dottorivitali.it\/index.php?rest_route=\/wp\/v2\/pages\/32\/revisions\/3381"}],"wp:attachment":[{"href":"https:\/\/dottorivitali.it\/index.php?rest_route=%2Fwp%2Fv2%2Fmedia&parent=32"}],"curies":[{"name":"wp","href":"https:\/\/api.w.org\/{rel}","templated":true}]}}